{"id":4828,"date":"2024-06-29T11:13:24","date_gmt":"2024-06-29T11:13:24","guid":{"rendered":"https:\/\/legendsagencynetwork.com\/preguntas-frecuentes\/"},"modified":"2025-10-13T16:49:23","modified_gmt":"2025-10-13T16:49:23","slug":"preguntas-frecuentes","status":"publish","type":"page","link":"https:\/\/legendsagencynetwork.com\/es\/preguntas-frecuentes\/","title":{"rendered":"Preguntas frecuentes"},"content":{"rendered":"\t\t<div data-elementor-type=\"wp-page\" data-elementor-id=\"4828\" class=\"elementor elementor-4828 elementor-14\">\n\t\t\t\t<div class=\"elementor-element elementor-element-9d2e82d e-flex e-con-boxed e-con e-parent\" data-id=\"9d2e82d\" data-element_type=\"container\" data-e-type=\"container\">\n\t\t\t\t\t<div class=\"e-con-inner\">\n\t\t<div class=\"elementor-element elementor-element-7e7a599 e-con-full e-flex e-con e-child\" data-id=\"7e7a599\" data-element_type=\"container\" data-e-type=\"container\">\n\t\t\t\t<div class=\"elementor-element elementor-element-d8a4f06 elementor-invisible elementor-widget elementor-widget-cz_title\" data-id=\"d8a4f06\" data-element_type=\"widget\" data-e-type=\"widget\" data-settings=\"{&quot;_animation&quot;:&quot;bounceIn&quot;}\" data-widget_type=\"cz_title.default\">\n\t\t\t\t<div class=\"elementor-widget-container\">\n\t\t\t\t\t\t\r\n\t\t<div>\r\n\t\t\t<div class=\"cz_title clr cz_mobile_text_center cz_title_pos_inline\"><div class=\"cz_title_content\"><div class=\"cz_wpe_content\"><h4>\u00bfTienes alguna pregunta?<\/h4><\/div><\/div><\/div>\r\n\t\t<\/div>\r\n\t\t\r\n\t\t\t\t\t\t<\/div>\n\t\t\t\t<\/div>\n\t\t\t\t<div class=\"elementor-element elementor-element-d1bcd73 elementor-invisible elementor-widget elementor-widget-cz_title\" data-id=\"d1bcd73\" data-element_type=\"widget\" data-e-type=\"widget\" data-settings=\"{&quot;_animation&quot;:&quot;bounceIn&quot;}\" data-widget_type=\"cz_title.default\">\n\t\t\t\t<div class=\"elementor-widget-container\">\n\t\t\t\t\t\t\r\n\t\t<div>\r\n\t\t\t<div class=\"cz_title clr cz_mobile_text_center cz_title_pos_inline\"><div class=\"cz_title_content\"><div class=\"cz_wpe_content\"><h1>Preguntas <span style=\"color: #ab2baf;\">m\u00e1s<\/span> <span style=\"color: #FE2C55;\">frecuentes<\/span><\/h1><\/div><\/div><\/div>\r\n\t\t<\/div>\r\n\t\t\r\n\t\t\t\t\t\t<\/div>\n\t\t\t\t<\/div>\n\t\t\t\t<div class=\"elementor-element elementor-element-206337d elementor-invisible elementor-widget elementor-widget-cz_title\" data-id=\"206337d\" data-element_type=\"widget\" data-e-type=\"widget\" data-settings=\"{&quot;_animation&quot;:&quot;bounceIn&quot;}\" data-widget_type=\"cz_title.default\">\n\t\t\t\t<div class=\"elementor-widget-container\">\n\t\t\t\t\t\t\r\n\t\t<div>\r\n\t\t\t<div class=\"cz_title clr cz_mobile_text_center cz_title_pos_inline\"><div class=\"cz_title_content\"><div class=\"cz_wpe_content\"><div id=\"cz_66059\" class=\"cz_66059 cz_title clr cz_title_pos_inline\">\n  <div class=\"cz_title_content\">\n    <div class=\"cz_wpe_content\">Por favor, lee las preguntas a continuaci\u00f3n y, si no encuentras tu respuesta,\nenv\u00edanos tu pregunta, te responderemos lo antes posible.<\/div>\n  <\/div>\n<\/div>\n<\/div><\/div><\/div>\r\n\t\t<\/div>\r\n\t\t\r\n\t\t\t\t\t\t<\/div>\n\t\t\t\t<\/div>\n\t\t\t\t<div class=\"elementor-element elementor-element-c612ddb elementor-widget elementor-widget-cz_gap\" data-id=\"c612ddb\" data-element_type=\"widget\" data-e-type=\"widget\" data-widget_type=\"cz_gap.default\">\n\t\t\t\t<div class=\"elementor-widget-container\">\n\t\t\t\t\t<div class=\"cz_gap clr\"><\/div>\t\t\t\t<\/div>\n\t\t\t\t<\/div>\n\t\t\t\t<div class=\"elementor-element elementor-element-57bc705 elementor-invisible elementor-widget elementor-widget-cz_title\" data-id=\"57bc705\" data-element_type=\"widget\" data-e-type=\"widget\" data-settings=\"{&quot;_animation&quot;:&quot;bounceIn&quot;}\" data-widget_type=\"cz_title.default\">\n\t\t\t\t<div class=\"elementor-widget-container\">\n\t\t\t\t\t\t\r\n\t\t<div>\r\n\t\t\t<div class=\"cz_title clr cz_title_has_icon cz_title_pos_inline\"><div class=\"cz_title_content\"><i class=\"cz_title_icon_before fas fa-circle-question\"><\/i><div class=\"cz_wpe_content\"><h3>P.f.qs<\/h3><p><span style=\"color: #ab2baf;\">Preguntas <span style=\"color: #fe2c55;\">m\u00e1s frecuentes<\/span><\/span><\/p><\/div><\/div><\/div>\r\n\t\t<\/div>\r\n\t\t\r\n\t\t\t\t\t\t<\/div>\n\t\t\t\t<\/div>\n\t\t\t\t<div class=\"elementor-element elementor-element-73aa5d5 elementor-invisible elementor-widget elementor-widget-cz_accordion\" data-id=\"73aa5d5\" data-element_type=\"widget\" data-e-type=\"widget\" data-settings=\"{&quot;_animation&quot;:&quot;bounceIn&quot;}\" data-widget_type=\"cz_accordion.default\">\n\t\t\t\t<div class=\"elementor-widget-container\">\n\t\t\t\t\t<div data-arrows='{\"open\":\"fas fa-chevron-down\",\"close\":\"fas fa-angle-up\"}' class=\"cz_acc clr cz_acc_toggle cz_acc_first_open\"><div><div class=\"elementor-repeater-item-bec2806\"><span class=\"cz_acc_child\"><i class=\"cz-acc-i cz-acc-icon far fa-bookmark\"><\/i><div>\u00bfQu\u00e9 hace Legends AGENCY?<\/div><\/span><div class=\"cz_acc_child_content clr\"><p>Legends AGENCY se asocia con creadores y marcas para triunfar en <strong data-start=\"390\" data-end=\"405\">TikTok Live<\/strong> a trav\u00e9s de entrenamiento pr\u00e1ctico, protecci\u00f3n f\u00e9rrea de la cuenta, estrategias de crecimiento probadas y soporte continuo, para que puedas transmitir de forma segura, crecer m\u00e1s r\u00e1pido y monetizar mejor.<\/p>\n<\/div><\/div><div class=\"elementor-repeater-item-faada42\"><span class=\"cz_acc_child\"><div>\u00bfQui\u00e9n puede unirse?<\/div><\/span><div class=\"cz_acc_child_content clr\"><p data-start=\"68\" data-end=\"270\">Solo <strong data-start=\"93\" data-end=\"105\">creadores<\/strong> (que no est\u00e9n actualmente inscritos en otra agencia) cuya <strong data-start=\"169\" data-end=\"186\" data-is-only-node=\"\">regi\u00f3n\/servidor<\/strong> de TikTok Live est\u00e9 en <strong data-start=\"193\" data-end=\"201\">MENA<\/strong> o <strong data-start=\"205\" data-end=\"215\">Francia<\/strong>, y que <strong data-start=\"225\" data-end=\"269\">transmitan en vivo al menos 1 hora y 30 minutos al d\u00eda<\/strong>.<\/p>\n<p data-start=\"272\" data-end=\"488\" data-is-last-node=\"\" data-is-only-node=\"\">\n<\/div><\/div><div class=\"elementor-repeater-item-dee2443\"><span class=\"cz_acc_child\"><div>\u00bfC\u00f3mo solicito unirme?<\/div><\/span><div class=\"cz_acc_child_content clr\"><p>Rellena el formulario \"Unirse a Legends AGENCY\" en el sitio. Comparte tu nombre de usuario de TikTok, nicho, estad\u00edsticas promedio de directos y objetivos. Nuestro equipo lo revisar\u00e1 y se pondr\u00e1 en contacto contigo.<\/p>\n<\/div><\/div><div class=\"elementor-repeater-item-bbb2b7c\"><span class=\"cz_acc_child\"><div>\u00bfCobran tarifas o toman una comisi\u00f3n?<\/div><\/span><div class=\"cz_acc_child_content clr\"><p>NO<\/p>\n<\/div><\/div><div class=\"elementor-repeater-item-bc4c04c\"><span class=\"cz_acc_child\"><div>\u00bfQu\u00e9 resultados debo esperar?<\/div><\/span><div class=\"cz_acc_child_content clr\"><p>Las primeras ventajas incluyen transmisiones m\u00e1s seguras, formatos m\u00e1s claros y un crecimiento medible en la retenci\u00f3n y las conversiones. Los plazos var\u00edan seg\u00fan el nicho, el horario y la ejecuci\u00f3n; la mayor\u00eda de los creadores ven mejoras estructuradas en las primeras semanas.<\/p>\n<\/div><\/div><\/div><\/div>\t\t\t\t<\/div>\n\t\t\t\t<\/div>\n\t\t\t\t<\/div>\n\t\t<div class=\"elementor-element elementor-element-89057c9 e-con-full e-flex e-con e-child\" data-id=\"89057c9\" data-element_type=\"container\" data-e-type=\"container\">\n\t\t\t\t<div class=\"elementor-element elementor-element-15ee3a7 elementor-invisible elementor-widget elementor-widget-cz_image\" data-id=\"15ee3a7\" data-element_type=\"widget\" data-e-type=\"widget\" data-settings=\"{&quot;_animation&quot;:&quot;bounceIn&quot;}\" data-widget_type=\"cz_image.default\">\n\t\t\t\t<div class=\"elementor-widget-container\">\n\t\t\t\t\t\r\n\t\t<div class=\"cz_image clr cz_image_no_fx center_on_mobile\" data-position=\"\">\r\n\r\n\t\t\t<div class=\"cz_svg_bg\">\r\n\r\n\t\t\t\t<div class=\"cz_image_in\" data-tilt>\r\n\r\n\t\t\t\t\t<div class=\"cz_main_image\"><img fetchpriority=\"high\" decoding=\"async\" loading=\"eager\" data-no-lazy=\"1\" width=\"2560\" height=\"1936\" src=\"https:\/\/legendsagencynetwork.com\/wp-content\/uploads\/2025\/10\/Slider01-scaled.jpg\" class=\"attachment-full size-full wp-image-3136\" alt=\"Slider01 scaled\" srcset=\"https:\/\/legendsagencynetwork.com\/wp-content\/uploads\/2025\/10\/Slider01-scaled.jpg 2560w, https:\/\/legendsagencynetwork.com\/wp-content\/uploads\/2025\/10\/Slider01-300x227.jpg 300w, https:\/\/legendsagencynetwork.com\/wp-content\/uploads\/2025\/10\/Slider01-1024x775.jpg 1024w, https:\/\/legendsagencynetwork.com\/wp-content\/uploads\/2025\/10\/Slider01-768x581.jpg 768w, https:\/\/legendsagencynetwork.com\/wp-content\/uploads\/2025\/10\/Slider01-1536x1162.jpg 1536w, https:\/\/legendsagencynetwork.com\/wp-content\/uploads\/2025\/10\/Slider01-2048x1549.jpg 2048w, https:\/\/legendsagencynetwork.com\/wp-content\/uploads\/2025\/10\/Slider01-600x454.jpg 600w, https:\/\/legendsagencynetwork.com\/wp-content\/uploads\/2025\/10\/Slider01-1000x756.jpg 1000w\" sizes=\"(max-width: 2560px) 100vw, 2560px\" \/><\/div>\r\n\r\n\t\t\t\t\t\r\n\t\t\t\t<\/div>\r\n\r\n\t\t\t\t\r\n\t\t\t<\/div>\r\n\r\n\t\t<\/div>\r\n\r\n\t\t\t\t\t<\/div>\n\t\t\t\t<\/div>\n\t\t\t\t<div class=\"elementor-element elementor-element-213ad7b elementor-widget elementor-widget-cz_gap\" data-id=\"213ad7b\" data-element_type=\"widget\" data-e-type=\"widget\" data-widget_type=\"cz_gap.default\">\n\t\t\t\t<div class=\"elementor-widget-container\">\n\t\t\t\t\t<div class=\"cz_gap clr\"><\/div>\t\t\t\t<\/div>\n\t\t\t\t<\/div>\n\t\t\t\t<div class=\"elementor-element elementor-element-025ab59 elementor-invisible elementor-widget elementor-widget-cz_title\" data-id=\"025ab59\" data-element_type=\"widget\" data-e-type=\"widget\" data-settings=\"{&quot;_animation&quot;:&quot;bounceIn&quot;}\" data-widget_type=\"cz_title.default\">\n\t\t\t\t<div class=\"elementor-widget-container\">\n\t\t\t\t\t\t\r\n\t\t<div>\r\n\t\t\t<div class=\"cz_title clr cz_title_has_icon cz_title_pos_inline\"><div class=\"cz_title_content\"><i class=\"cz_title_icon_before fas fa-circle-question\"><\/i><div class=\"cz_wpe_content\"><h3>Preg\u00fantanos<\/h3>\n<span style=\"color: #ab2baf;\">Rellena este formulario y <span style=\"color: #FE2C55;\">preg\u00fantanos<\/span><\/span><\/div><\/div><\/div>\r\n\t\t<\/div>\r\n\t\t\r\n\t\t\t\t\t\t<\/div>\n\t\t\t\t<\/div>\n\t\t\t\t<div class=\"elementor-element elementor-element-6371b3f elementor-invisible elementor-widget elementor-widget-cz_contact_form_7\" data-id=\"6371b3f\" data-element_type=\"widget\" data-e-type=\"widget\" data-settings=\"{&quot;_animation&quot;:&quot;bounceIn&quot;}\" data-widget_type=\"cz_contact_form_7.default\">\n\t\t\t\t<div class=\"elementor-widget-container\">\n\t\t\t\t\t\t\t<div class=\"cz_cf7 clr\">\r\n\t\t\t<div>\n<div class=\"wpcf7 no-js\" id=\"wpcf7-f126-o1\" lang=\"en-US\" dir=\"ltr\" data-wpcf7-id=\"126\">\n<div class=\"screen-reader-response\"><p role=\"status\" aria-live=\"polite\" aria-atomic=\"true\"><\/p> <ul><\/ul><\/div>\n<form action=\"\/es\/wp-json\/wp\/v2\/pages\/4828#wpcf7-f126-o1\" method=\"post\" class=\"wpcf7-form init\" aria-label=\"Contact form\" novalidate=\"novalidate\" data-status=\"init\">\n<fieldset class=\"hidden-fields-container\"><input type=\"hidden\" name=\"_wpcf7\" value=\"126\" \/><input type=\"hidden\" name=\"_wpcf7_version\" value=\"6.1.5\" \/><input type=\"hidden\" name=\"_wpcf7_locale\" value=\"en_US\" \/><input type=\"hidden\" name=\"_wpcf7_unit_tag\" value=\"wpcf7-f126-o1\" \/><input type=\"hidden\" name=\"_wpcf7_container_post\" value=\"0\" \/><input type=\"hidden\" name=\"_wpcf7_posted_data_hash\" value=\"\" \/>\n<\/fieldset>\n<p><span class=\"wpcf7-form-control-wrap\" data-name=\"your-name\"><input size=\"40\" maxlength=\"400\" class=\"wpcf7-form-control wpcf7-text wpcf7-validates-as-required\" aria-required=\"true\" aria-invalid=\"false\" placeholder=\"YourName (*)\" value=\"\" type=\"text\" name=\"your-name\" \/><\/span>\n<\/p>\n<p><span class=\"wpcf7-form-control-wrap\" data-name=\"your-email\"><input size=\"40\" maxlength=\"400\" class=\"wpcf7-form-control wpcf7-email wpcf7-validates-as-required wpcf7-text wpcf7-validates-as-email\" aria-required=\"true\" aria-invalid=\"false\" placeholder=\"Email (*)\" value=\"\" type=\"email\" name=\"your-email\" \/><\/span>\n<\/p>\n<p><span class=\"wpcf7-form-control-wrap\" data-name=\"your-subject\"><input size=\"40\" maxlength=\"400\" class=\"wpcf7-form-control wpcf7-text\" aria-invalid=\"false\" placeholder=\"Subject\" value=\"\" type=\"text\" name=\"your-subject\" \/><\/span>\n<\/p>\n<p><span class=\"wpcf7-form-control-wrap\" data-name=\"menu-178\"><select class=\"wpcf7-form-control wpcf7-select\" aria-invalid=\"false\" name=\"menu-178\"><option value=\"Countries\">Countries<\/option><option value=\"Morocco\">Morocco<\/option><option value=\"Algeria\">Algeria<\/option><option value=\"Tunisia\">Tunisia<\/option><option value=\"Libya\">Libya<\/option><option value=\"Egypt\">Egypt<\/option><option value=\"Sudan\">Sudan<\/option><option value=\"Palestine\">Palestine<\/option><option value=\"Jordan\">Jordan<\/option><option value=\"Lebanon\">Lebanon<\/option><option value=\"Syria\">Syria<\/option><option value=\"Iraq\">Iraq<\/option><option value=\"Saudi Arabia\">Saudi Arabia<\/option><option value=\"United Arab Emirates\">United Arab Emirates<\/option><option value=\"Qatar\">Qatar<\/option><option value=\"Bahrain\">Bahrain<\/option><option value=\"Kuwait\">Kuwait<\/option><option value=\"Oman\">Oman<\/option><option value=\"Yemen\">Yemen<\/option><option value=\"Mauritania\">Mauritania<\/option><option value=\"France\">France<\/option><option value=\"Germany\">Germany<\/option><option value=\"Italy\">Italy<\/option><option value=\"Spain\">Spain<\/option><option value=\"Turkey\">Turkey<\/option><\/select><\/span>\n<\/p>\n<p><span class=\"wpcf7-form-control-wrap\" data-name=\"your-message\"><textarea cols=\"40\" rows=\"10\" maxlength=\"2000\" class=\"wpcf7-form-control wpcf7-textarea\" aria-invalid=\"false\" placeholder=\"Enter Your Message\" name=\"your-message\"><\/textarea><\/span>\n<\/p>\n<p><input class=\"wpcf7-form-control wpcf7-submit has-spinner\" type=\"submit\" value=\"Send Message\" \/>\n<\/p><div class=\"wpcf7-response-output\" aria-hidden=\"true\"><\/div>\n<\/form>\n<\/div>\n<\/div>\r\n\t\t<\/div>\r\n\t\t\t\t\t\t<\/div>\n\t\t\t\t<\/div>\n\t\t\t\t<\/div>\n\t\t\t\t\t<\/div>\n\t\t\t\t<\/div>\n\t\t\t\t<\/div>\n\t\t","protected":false},"excerpt":{"rendered":"<p>\u00bfTienes alguna pregunta? Preguntas m\u00e1s frecuentes Por favor, lee las preguntas &#8230; <\/p>\n","protected":false},"author":1,"featured_media":0,"parent":0,"menu_order":0,"comment_status":"closed","ping_status":"closed","template":"","meta":{"_acf_changed":false,"footnotes":""},"class_list":["post-4828","page","type-page","status-publish","hentry"],"acf":[],"_links":{"self":[{"href":"https:\/\/legendsagencynetwork.com\/es\/wp-json\/wp\/v2\/pages\/4828","targetHints":{"allow":["GET"]}}],"collection":[{"href":"https:\/\/legendsagencynetwork.com\/es\/wp-json\/wp\/v2\/pages"}],"about":[{"href":"https:\/\/legendsagencynetwork.com\/es\/wp-json\/wp\/v2\/types\/page"}],"author":[{"embeddable":true,"href":"https:\/\/legendsagencynetwork.com\/es\/wp-json\/wp\/v2\/users\/1"}],"replies":[{"embeddable":true,"href":"https:\/\/legendsagencynetwork.com\/es\/wp-json\/wp\/v2\/comments?post=4828"}],"version-history":[{"count":1,"href":"https:\/\/legendsagencynetwork.com\/es\/wp-json\/wp\/v2\/pages\/4828\/revisions"}],"predecessor-version":[{"id":4833,"href":"https:\/\/legendsagencynetwork.com\/es\/wp-json\/wp\/v2\/pages\/4828\/revisions\/4833"}],"wp:attachment":[{"href":"https:\/\/legendsagencynetwork.com\/es\/wp-json\/wp\/v2\/media?parent=4828"}],"curies":[{"name":"wp","href":"https:\/\/api.w.org\/{rel}","templated":true}]}}